{"id":9011,"date":"2018-12-18T15:07:57","date_gmt":"2018-12-18T14:07:57","guid":{"rendered":"https:\/\/studio-ltd.com\/?page_id=9011"},"modified":"2018-12-18T15:10:16","modified_gmt":"2018-12-18T14:10:16","slug":"allgemeine-geschaeftsbedingungen","status":"publish","type":"page","link":"https:\/\/studio-ltd.com\/en\/studio\/allgemeine-geschaeftsbedingungen\/","title":{"rendered":"ALLGEMEINE GESCH\u00c4FTSBEDINGUNGEN"},"content":{"rendered":"\n<p>ALLGEMEINE GESCH\u00c4FTSBEDINGUNGEN<\/p>\n\n\n\n<p><strong>Pr\u00e4ambel<\/strong><\/p>\n\n\n\n<p>Mit den AGB soll ein gerechter Interessenausgleich zwischen dem Fotografen und Kunden erreicht werden.<\/p>\n\n\n\n<p><strong>I.&nbsp;&nbsp;&nbsp;&nbsp;&nbsp;&nbsp;&nbsp;&nbsp;&nbsp;&nbsp;&nbsp;&nbsp; Definitionen<\/strong><\/p>\n\n\n\n<p>1.&nbsp;&nbsp;&nbsp;&nbsp;&nbsp;&nbsp;&nbsp;&nbsp;&nbsp;&nbsp;&nbsp; Fotografische Arbeit. Der Ausdruck \u00abfotografische Arbeit\u00bb bezeichnet das Ergebnis einer vom Fotografen f\u00fcr den Kunden gem\u00e4ss der zwischen den Parteien getroffenen Vereinbarung geleisteten Arbeit.<\/p>\n\n\n\n<p>2.&nbsp;&nbsp;&nbsp;&nbsp;&nbsp;&nbsp;&nbsp;&nbsp;&nbsp;&nbsp;&nbsp; Fotograf.Der \u00abFotograf\u00bb ist die f\u00fcr die Leistung der fotografischen Arbeit beauftragte Person. Der Begriff \u00abFotograf\u00bb bezieht sich&nbsp;&nbsp; in diesen AGB selbstverst\u00e4ndlich auf Personen beider Geschlechter. Zudem erfasst er auch Fotodesigner.<\/p>\n\n\n\n<p>3.&nbsp;&nbsp;&nbsp;&nbsp;&nbsp;&nbsp;&nbsp;&nbsp;&nbsp;&nbsp;&nbsp; Kunde.Der \u00abKunde\u00bb ist die Person, die die fotografische Arbeit beim Fotografen bestellt. Der Begriff \u00abKunde\u00bb bezieht sich in diesen AGB selbstverst\u00e4ndlich auf Personen beider Geschlechter.<\/p>\n\n\n\n<p>4.&nbsp;&nbsp;&nbsp;&nbsp;&nbsp;&nbsp;&nbsp;&nbsp;&nbsp;&nbsp;&nbsp; Parteien.Die \u00ab Parteien \u00bb sind der Fotograf und der Kunde.<\/p>\n\n\n\n<p>5.&nbsp;&nbsp;&nbsp;&nbsp;&nbsp;&nbsp;&nbsp;&nbsp;&nbsp;&nbsp;&nbsp; Exemplar der fotografischen Arbeit \/ Exemplar. Jede Wiedergabe der fotografischen Arbeit in analoger oder digitaler Form auf einem Datentr\u00e4ger (insbesondere auf Papier, Diapositiv, optischen Datentr\u00e4ger, Computerfestplatte) oder online (insbesondere in Computernetzwerken, auf Webseiten) gilt als \u00abExemplar der fotografischen Arbeit\u00bb oder als \u00abExemplar\u00bb. <\/p>\n\n\n\n<p><strong>II.&nbsp;&nbsp;&nbsp;&nbsp;&nbsp;&nbsp;&nbsp;&nbsp;&nbsp;&nbsp; Ausf\u00fchrung der fotografischen Arbeit<\/strong><\/p>\n\n\n\n<p>1.&nbsp;&nbsp;&nbsp;&nbsp;&nbsp;&nbsp;&nbsp;&nbsp;&nbsp;&nbsp;&nbsp; Vorbeh\u00e4ltlich schriftlicher Vorgaben des Kunden bleibt die Gestaltung der fotografischen Arbeit voll und ganz dem Ermessen des Fotografen \u00fcberlassen. Insbesondere steht ihm die alleinige Entscheidung \u00fcber die technischen und k\u00fcnstlerischen Gestaltungsmittel, wie zum Beispiel Beleuchtung und Bildkomposition, und die Auswahl der Mittel zu deren Umsetzung zu.<\/p>\n\n\n\n<p>2.&nbsp;&nbsp;&nbsp;&nbsp;&nbsp;&nbsp;&nbsp;&nbsp;&nbsp;&nbsp;&nbsp; Beider Ausf\u00fchrung der fotografischen Arbeit kann der Fotograf Hilfspersonen seiner Wahleinsetzen.<\/p>\n\n\n\n<p>3.&nbsp;&nbsp;&nbsp;&nbsp;&nbsp;&nbsp;&nbsp;&nbsp;&nbsp;&nbsp;&nbsp; Das Aufnahme-Equipment, das f\u00fcr die Ausf\u00fchrung der fotografischen Arbeit erforderlich ist, wird vom Fotografen gestellt.<\/p>\n\n\n\n<p>4.&nbsp;&nbsp;&nbsp;&nbsp;&nbsp;&nbsp;&nbsp;&nbsp;&nbsp;&nbsp;&nbsp; Vorbeh\u00e4ltlich gegens\u00e4tzlicher schriftlicher Vereinbarung ist der Kunde daf\u00fcr verantwortlich, dass die zur fotografischen Arbeit n\u00f6tigen Orte (Locations), Gegenst\u00e4nde und Personen rechtzeitig zur Verf\u00fcgung stehen.<\/p>\n\n\n\n<p>5.&nbsp;&nbsp;&nbsp;&nbsp;&nbsp;&nbsp;&nbsp;&nbsp;&nbsp;&nbsp;&nbsp; Verschiebt der Kunde eine Aufnahmesitzung weniger als zwei Tage vor ihrem Termin auf ein sp\u00e4teres Datum oder kommt er seinen Verpflichtungen z.B. gem\u00e4ss Ziffer II.4. nicht nach, so hat der Fotograf Anspruch auf Ersatz der bereits angefallenen Kosten (inkl. Drittkosten). Zus\u00e4tzlich steht ihm eine Entsch\u00e4digung zu. Diese bemisst sich auf Basis des zur Zeit des Vertragsschlusses geltenden Tarifs des SBF (Unverbindlicher SBF Leitfaden zur Kalkulation fotografischer Auftragsarbeiten) und betr\u00e4gt50% des Honorars, welches gem\u00e4ss Tarif f\u00fcr die Ausf\u00fchrung der ausgefallenen Aufnahmesitzung geschuldet w\u00e4re.<\/p>\n\n\n\n<p>6.&nbsp;&nbsp;&nbsp;&nbsp;&nbsp;&nbsp;&nbsp;&nbsp;&nbsp;&nbsp;&nbsp; Die Regel der Ziffer II.5. gilt auch, wenn eine Aufnahmesitzung weniger als zwei Tage vor Beginn der Aufnahmesitzung wegen ung\u00fcnstiger Wetterverh\u00e4ltnisse auf ein sp\u00e4teres Datum verschoben wird.<\/p>\n\n\n\n<p>7.&nbsp;&nbsp;&nbsp;&nbsp;&nbsp;&nbsp;&nbsp;&nbsp;&nbsp;&nbsp;&nbsp; Erf\u00fcllungsort ist der Gesch\u00e4ftssitz des Fotografen.Falls der Kunde den Fotografen bittet, ihm die geleistete fotografische Arbeit,oder Exemplare dieser Arbeit (physisch oder elektronisch) zuzusenden, gehen die Risiken des Transports auf den Kunden \u00fcber.<\/p>\n\n\n\n<p>8.&nbsp;&nbsp;&nbsp;&nbsp;&nbsp;&nbsp;&nbsp;&nbsp;&nbsp;&nbsp;&nbsp; Das zwischen den Parteien vereinbarte Honorar ist zuz\u00fcglich MwSt. geschuldet und \u2013 vorbeh\u00e4ltlich gegens\u00e4tzlicher schriftlicher Vereinbarung \u2013innerhalb von 30 Tagen nach Rechnungsstellung zu bezahlen.<\/p>\n\n\n\n<p><strong>III.&nbsp;&nbsp;&nbsp;&nbsp;&nbsp;&nbsp;&nbsp;&nbsp;&nbsp; Haftung des Fotografen<\/strong><\/p>\n\n\n\n<p>1.&nbsp;&nbsp;&nbsp;&nbsp;&nbsp;&nbsp;&nbsp;&nbsp;&nbsp;&nbsp;&nbsp; Der Fotograf haftet, einschliesslich einer M\u00e4ngelhaftung, nur f\u00fcr vors\u00e4tzliches und grob-fahrl\u00e4ssiges Verhalten. Die Haftungsbeschr\u00e4nkung gilt auch f\u00fcr das Verhalten seiner Angestellten und Hilfspersonen.<\/p>\n\n\n\n<p>2.&nbsp;&nbsp;&nbsp;&nbsp;&nbsp;&nbsp;&nbsp;&nbsp;&nbsp;&nbsp;&nbsp; Der Kunde hat M\u00e4ngelr\u00fcgen innerhalb von sechs Werktagen ab Lieferdatum des Werks schriftlich geltend zu machen, ansonsten gilt die fotografische Arbeit als genehmigt und es k\u00f6nnen keine Anspr\u00fcche mehr geltend gemacht werden.<\/p>\n\n\n\n<p><strong>IV.&nbsp;&nbsp;&nbsp;&nbsp;&nbsp;&nbsp;&nbsp;&nbsp;&nbsp; Verwendung der fotografischen Arbeit durch den Kunden<\/strong><\/p>\n\n\n\n<p><em><strong>a.&nbsp;&nbsp;&nbsp;&nbsp;&nbsp;&nbsp;&nbsp;&nbsp;&nbsp;&nbsp;&nbsp; Im Allgemeinen<\/strong><\/em><\/p>\n\n\n\n<p>1.&nbsp;&nbsp;&nbsp;&nbsp;&nbsp;&nbsp;&nbsp;&nbsp;&nbsp;&nbsp;&nbsp; Der Kunde darf die fotografische Arbeit nur zu dem mit dem Fotografen vereinbarten Zweck und f\u00fcr den vereinbarten Zeitraum verwenden. Ist kein solcher Zeitraum vereinbart worden, bestimmt sich die Dauer nach dem Zweck des Auftrages. Jede vereinbarungswidrige Verwendung verpflichtet den Kunden, dem Fotografen&nbsp; eine&nbsp;Entsch\u00e4digung&nbsp; in&nbsp;der&nbsp; H\u00f6he&nbsp; von&nbsp;150% des gem\u00e4ss zur Zeit des Vertragsschlusses geltenden SAB-Tarifs (Schweizerische Arbeitsgemeinschaft der Bild- Agenturen und \u2013Archive) daf\u00fcr geschuldeten Entgelts zu bezahlen.<\/p>\n\n\n\n<p>2.&nbsp;&nbsp;&nbsp;&nbsp;&nbsp;&nbsp;&nbsp;&nbsp;&nbsp;&nbsp;&nbsp; Nur der Kunde ist berechtigt, im Rahmen der mit dem Fotografen getroffenen Vereinbarung von der fotografischen Arbeit Gebrauch zu machen. Ohne gegenseitige schriftliche Vereinbarung ist der Kunde nicht berechtigt, Dritten das Recht auf Verwendung der fotografischen Arbeit zu \u00fcberlassen.<\/p>\n\n\n\n<p>3.&nbsp;&nbsp;&nbsp;&nbsp;&nbsp;&nbsp;&nbsp;&nbsp;&nbsp;&nbsp;&nbsp; Der Kunde hat bei der mit dem Fotografen bestimmten Verwendung des Werks den Namen des Fotografen in geeigneter Form zu erw\u00e4hnen. Mit vorgestelltem Zeichen \uf0a9 und nachgestelltem oder mit einem \u00e4hnlichen,mit dem Fotografen vereinbarten Vermerk (z.B. \u201eAlle Rechte bei &#8230;\u201c). Bei Weglassung des Vermerks schuldet der Kunde zus\u00e4tzlich zum vereinbarten Honorar eine Entsch\u00e4digung im Umfang von 50% des Honorars, welches f\u00fcr die widerrechtliche Verwendung der fotografischen Arbeit gem\u00e4ss des zur Zeit des Vertragsschlusses geltenden SAB-Tarifs (Schweizerische Arbeitsgemeinschaft der Bild-Agenturen und \u2013Archive) zu bezahlen w\u00e4re.<\/p>\n\n\n\n<p>4.&nbsp;&nbsp;&nbsp;&nbsp;&nbsp;&nbsp;&nbsp;&nbsp;&nbsp;&nbsp;&nbsp; Die Bestimmungen des Bundesgesetzes \u00fcber das Urheberrecht und verwandte Schutzrechte (URG) bleiben vorbehalten.<\/p>\n\n\n\n<p><em><strong>b.&nbsp;&nbsp;&nbsp;&nbsp;&nbsp;&nbsp;&nbsp;&nbsp;&nbsp;&nbsp;&nbsp; Rechte Dritter<\/strong><\/em><\/p>\n\n\n\n<p>1.&nbsp;&nbsp;&nbsp;&nbsp;&nbsp;&nbsp;&nbsp;&nbsp;&nbsp;&nbsp;&nbsp; Wenn der Kunde dem Fotografen angegeben hat, im Rahmen der Ausf\u00fchrung der fotografischen Arbeit (bestimmte) Personen&nbsp;&nbsp;&nbsp;&nbsp;&nbsp; zu fotografieren, so hat der Kunde daf\u00fcr zu sorgen, dass diese Personen ihre Zustimmung zum Fotografiert werden und zum nachfolgenden Gebrauch der fotografischen Arbeit im Rahmen des Vertragszweckes gegeben haben.<\/p>\n\n\n\n<p>2.&nbsp;&nbsp;&nbsp;&nbsp;&nbsp;&nbsp;&nbsp;&nbsp;&nbsp;&nbsp;&nbsp; Wenn der Kunde dem Fotografen Gegenst\u00e4nde und\/oder Ger\u00e4tschaften \u00fcbergeben oder ihm bestimmte Orte angegeben hat,&nbsp;&nbsp;&nbsp;&nbsp;&nbsp; die im Rahmen der fotografischen Arbeit fotografiert werden sollen, hat der Kunde daf\u00fcr zu sorgen, dass kein Recht Dritter der Erstellung der fotografischen Arbeit und deren anschliessenden Gebrauch im Rahmen des Vertragszweckes entgegensteht.<\/p>\n\n\n\n<p>3.&nbsp;&nbsp;&nbsp;&nbsp;&nbsp;&nbsp;&nbsp;&nbsp;&nbsp;&nbsp;&nbsp; Falls die in den beiden vorstehenden Abs\u00e4tzen vorgesehenen Verpflichtungen verletzt werden, verpflichtet sich der Kunde, dem Fotografen jede Zahlung (z.B.Schadenersatz) zur\u00fcckzuerstatten,zu dem dieser zugunsten der Berechtigten verpflichtet werden k\u00f6nnte, und ihn f\u00fcr s\u00e4mtliche im Zusammenhang mit der Bereinigung der Situation anfallenden Kosten (z.B. Kosten im Zusammenhang mit Vergleichs- oder Gerichtsverhandlungen) zu entsch\u00e4digen.<\/p>\n\n\n\n<p><strong>V.&nbsp;&nbsp;&nbsp;&nbsp;&nbsp;&nbsp;&nbsp;&nbsp;&nbsp;&nbsp;&nbsp; Verwendung der fotografischen Arbeit durch den Fotografen<\/strong><\/p>\n\n\n\n<p>Wurde im Einzelfall schriftlich ausdr\u00fccklich vereinbart, dass der Kunde das Urheberrecht an der fotografischen Arbeit erh\u00e4lt, so beh\u00e4lt der Fotograf das Recht, die fotografische Arbeit f\u00fcr eigene Zwecke zu verwenden, insbesondere auf der eigenen Webseite, in Portfolios, an Kunstausstellungen etc.<\/p>\n\n\n\n<p><strong>VI.&nbsp;&nbsp;&nbsp;&nbsp;&nbsp;&nbsp;&nbsp;&nbsp;&nbsp; Referenzen<\/strong><\/p>\n\n\n\n<p>Der Fotograf hat jederzeit das Recht,insbesondere in Ver\u00f6ffentlichungen(Internet, Drucksachen), bei Ausstellungen und bei Ge- spr\u00e4chen mit potentiellen Kunden auf die Zusammenarbeit mit dem Kunden und auf die f\u00fcr ihn geschaffene fotografische Arbeit hinzuweisen.<\/p>\n\n\n\n<p><strong>VII.&nbsp;&nbsp;&nbsp;&nbsp;&nbsp;&nbsp;&nbsp; Anwendbares Recht und Gerichtsstand<\/strong><\/p>\n\n\n\n<p>1.&nbsp;&nbsp;&nbsp;&nbsp;&nbsp;&nbsp;&nbsp;&nbsp;&nbsp;&nbsp;&nbsp; Auf Vertr\u00e4ge zwischen dem Kunden und dem Fotografen ist ausschliesslich schweizerisches Recht anwendbar.<\/p>\n\n\n\n<p>2.&nbsp;&nbsp;&nbsp;&nbsp;&nbsp;&nbsp;&nbsp;&nbsp;&nbsp;&nbsp;&nbsp; Ausschliesslicher Gerichtsstand bildet der Gesch\u00e4ftssitz des Fotografen.<\/p>\n","protected":false},"excerpt":{"rendered":"<p>ALLGEMEINE GESCH\u00c4FTSBEDINGUNGEN Pr\u00e4ambel Mit den AGB soll ein gerechter Interessenausgleich zwischen dem Fotografen und Kunden erreicht werden. I.&nbsp;&nbsp;&nbsp;&nbsp;&nbsp;&nbsp;&nbsp;&nbsp;&nbsp;&nbsp;&nbsp;&nbsp; Definitionen 1.&nbsp;&nbsp;&nbsp;&nbsp;&nbsp;&nbsp;&nbsp;&nbsp;&nbsp;&nbsp;&nbsp; Fotografische Arbeit. Der Ausdruck \u00abfotografische Arbeit\u00bb bezeichnet das Ergebnis einer vom Fotografen f\u00fcr den Kunden gem\u00e4ss der zwischen den Parteien [&hellip;]<\/p>\n","protected":false},"author":1,"featured_media":0,"parent":6507,"menu_order":0,"comment_status":"closed","ping_status":"closed","template":"","meta":{"footnotes":""},"class_list":["post-9011","page","type-page","status-publish","hentry"],"_links":{"self":[{"href":"https:\/\/studio-ltd.com\/en\/wp-json\/wp\/v2\/pages\/9011","targetHints":{"allow":["GET"]}}],"collection":[{"href":"https:\/\/studio-ltd.com\/en\/wp-json\/wp\/v2\/pages"}],"about":[{"href":"https:\/\/studio-ltd.com\/en\/wp-json\/wp\/v2\/types\/page"}],"author":[{"embeddable":true,"href":"https:\/\/studio-ltd.com\/en\/wp-json\/wp\/v2\/users\/1"}],"replies":[{"embeddable":true,"href":"https:\/\/studio-ltd.com\/en\/wp-json\/wp\/v2\/comments?post=9011"}],"version-history":[{"count":6,"href":"https:\/\/studio-ltd.com\/en\/wp-json\/wp\/v2\/pages\/9011\/revisions"}],"predecessor-version":[{"id":9028,"href":"https:\/\/studio-ltd.com\/en\/wp-json\/wp\/v2\/pages\/9011\/revisions\/9028"}],"up":[{"embeddable":true,"href":"https:\/\/studio-ltd.com\/en\/wp-json\/wp\/v2\/pages\/6507"}],"wp:attachment":[{"href":"https:\/\/studio-ltd.com\/en\/wp-json\/wp\/v2\/media?parent=9011"}],"curies":[{"name":"wp","href":"https:\/\/api.w.org\/{rel}","templated":true}]}}